{"id":59,"date":"2019-10-28T15:20:55","date_gmt":"2019-10-28T15:20:55","guid":{"rendered":"https:\/\/manuelavila.es\/?page_id=59"},"modified":"2025-11-17T17:47:24","modified_gmt":"2025-11-17T17:47:24","slug":"qui-som","status":"publish","type":"page","link":"https:\/\/manuelavila.es\/es\/qui-som","title":{"rendered":"Qui Som"},"content":{"rendered":"<div data-elementor-type=\"wp-page\" data-elementor-id=\"59\" class=\"elementor elementor-59\">\n\t\t\t\t\t\t<section class=\"elementor-section elementor-top-section elementor-element elementor-element-275f9fb9 elementor-section-full_width elementor-section-height-min-height elementor-section-items-stretch elementor-section-content-middle elementor-section-height-default\" data-id=\"275f9fb9\" data-element_type=\"section\">\n\t\t\t\t\t\t<div class=\"elementor-container elementor-column-gap-default\">\n\t\t\t\t\t<div class=\"elementor-column elementor-col-100 elementor-top-column elementor-element elementor-element-1a51279\" data-id=\"1a51279\" data-element_type=\"column\" data-settings=\"{&quot;background_background&quot;:&quot;classic&quot;}\">\n\t\t\t<div class=\"elementor-widget-wrap elementor-element-populated\">\n\t\t\t\t\t\t<div class=\"elementor-element elementor-element-194f2ca0 elementor-widget elementor-widget-heading\" data-id=\"194f2ca0\" data-element_type=\"widget\" data-widget_type=\"heading.default\">\n\t\t\t\t<div class=\"elementor-widget-container\">\n\t\t\t\t\t<h1 class=\"elementor-heading-title elementor-size-large\">QUI\u00c9NES SOMOS<\/h1>\t\t\t\t<\/div>\n\t\t\t\t<\/div>\n\t\t\t\t<div class=\"elementor-element elementor-element-3e3b896e elementor-widget elementor-widget-text-editor\" data-id=\"3e3b896e\" data-element_type=\"widget\" data-widget_type=\"text-editor.default\">\n\t\t\t\t<div class=\"elementor-widget-container\">\n\t\t\t\t\t\t\t\t\t<p>Construcciones met\u00e1licas Manuel <span class=\"hiddenSpellError\">\u00c1vila<\/span>naci\u00f3 el a\u00f1o 2001. Su fundador, Manuel <span class=\"hiddenSpellError\">\u00c1vila<\/span>, trabajaba para otra empresa, pero con vistas al futuro decide crear su propio negocio. Fue el mismo Manuel quien adapt\u00f3 la nave d\u00f3nde empezar\u00eda con la que ser\u00eda su empresa de construcciones met\u00e1licas.<\/p>\n<p>No es hasta el a\u00f1o 2003 que la empresa empieza a operar al 100%, pero no desde cero. Su experiencia trabajando en el sector desde el a\u00f1o 1988 le avalaba para tener el conocimiento suficiente y la destreza de un buen profesional del sector. Aptitudes que se demostraron en sus inicios, d\u00f3nde ya contaba con clientes fieles.<\/p>\n<p>Manuel siempre ha tenido pasi\u00f3n por este oficio, desde los 14 a\u00f1os quer\u00eda dedicarse al sector y abrir su propio taller. Su persistencia y esfuerzo han sido clave para llevar su negocio familiar y seguir con la actividad durante 31 a\u00f1os.<\/p>\n<p>L&#8217;empresa ja compta amb 22 anys de traject\u00f2ria professional dins del sector del metall, treballa per digitalitzar i modernitzar processos i compta amb una segona generaci\u00f3 que aposta per aquest ofici.&nbsp;<\/p><p>Oferim serveis en ferro, acer inoxidable i <span class=\"hiddenSpellError\">corten<\/span>, siempre personalizados y al gusto de sus clientes.<\/p>\n<p>Mira los <a href=\"https:\/\/manuelavila.es\/es\/serveis\/\" target=\"_blank\" rel=\"noopener\">servicios<\/a>que ofrecemos, construiremos tus ideas.<\/p>\t\t\t\t\t\t\t\t<\/div>\n\t\t\t\t<\/div>\n\t\t\t\t\t<\/div>\n\t\t<\/div>\n\t\t\t\t\t<\/div>\n\t\t<\/section>\n\t\t\t\t<\/div>","protected":false},"excerpt":{"rendered":"<p>QUI SOM Construccions Met\u00e0l\u00b7liques Manuel \u00c1vila, va n\u00e9ixer l&#8217;any 2001. El seu fundador, Manuel \u00c1vila, treballava per una altra empresa, per\u00f2 amb vistes cap al futur decideix crear el seu propi negoci. Va ser el mateix Manuel qui va adaptar la nau per comen\u00e7ar amb la que seria la seva empresa de construccions met\u00e0l\u00b7liques. No [&hellip;]<\/p>","protected":false},"author":2,"featured_media":0,"parent":0,"menu_order":0,"comment_status":"closed","ping_status":"closed","template":"elementor_header_footer","meta":{"footnotes":""},"class_list":["post-59","page","type-page","status-publish","hentry"],"_links":{"self":[{"href":"https:\/\/manuelavila.es\/es\/wp-json\/wp\/v2\/pages\/59","targetHints":{"allow":["GET"]}}],"collection":[{"href":"https:\/\/manuelavila.es\/es\/wp-json\/wp\/v2\/pages"}],"about":[{"href":"https:\/\/manuelavila.es\/es\/wp-json\/wp\/v2\/types\/page"}],"author":[{"embeddable":true,"href":"https:\/\/manuelavila.es\/es\/wp-json\/wp\/v2\/users\/2"}],"replies":[{"embeddable":true,"href":"https:\/\/manuelavila.es\/es\/wp-json\/wp\/v2\/comments?post=59"}],"version-history":[{"count":22,"href":"https:\/\/manuelavila.es\/es\/wp-json\/wp\/v2\/pages\/59\/revisions"}],"predecessor-version":[{"id":1152,"href":"https:\/\/manuelavila.es\/es\/wp-json\/wp\/v2\/pages\/59\/revisions\/1152"}],"wp:attachment":[{"href":"https:\/\/manuelavila.es\/es\/wp-json\/wp\/v2\/media?parent=59"}],"curies":[{"name":"wp","href":"https:\/\/api.w.org\/{rel}","templated":true}]}}